{"id":2552,"date":"2016-09-27T08:52:41","date_gmt":"2016-09-27T08:52:41","guid":{"rendered":"http:\/\/sosmedmaroc.com\/sample-page-4\/"},"modified":"2026-04-25T23:07:18","modified_gmt":"2026-04-25T22:07:18","slug":"medecin-domicile-casablanca","status":"publish","type":"page","link":"https:\/\/sosmedmaroc.com\/ar\/","title":{"rendered":"\u0637\u0628\u064a\u0628 \u0645\u0646\u0632\u0644\u064a \u0645\u062a\u0648\u0641\u0631 \u0639\u0644\u0649 \u0645\u062f\u0627\u0631 \u0627\u0644\u0633\u0627\u0639\u0629 \u0637\u0648\u0627\u0644 \u0623\u064a\u0627\u0645 \u0627\u0644\u0623\u0633\u0628\u0648\u0639 \u0641\u064a \u0627\u0644\u0645\u063a\u0631\u0628"},"content":{"rendered":"","protected":false},"excerpt":{"rendered":"","protected":false},"author":1,"featured_media":0,"parent":0,"menu_order":0,"comment_status":"closed","ping_status":"open","template":"","meta":{"footnotes":""},"class_list":["post-2552","page","type-page","status-publish","hentry"],"yoast_head":"<!-- This site is optimized with the Yoast SEO Premium plugin v27.3 (Yoast SEO v27.3) - https:\/\/yoast.com\/product\/yoast-seo-premium-wordpress\/ -->\n<title>M\u00e9decin \u00e0 domicile Casablanca | Urgence 24h\/7 \u2013 SOS M\u00e9decins<\/title>\n<meta name=\"description\" content=\"M\u00e9decin \u00e0 domicile \u00e0 Casablanca disponible 24h\/24. Urgences m\u00e9dicales, consultations et ambulance m\u00e9dicalis\u00e9e avec SOS M\u00e9decins Maroc.\" \/>\n<meta name=\"robots\" content=\"index, follow, max-snippet:-1, max-image-preview:large, max-video-preview:-1\" \/>\n<link rel=\"canonical\" href=\"https:\/\/sosmedmaroc.com\/ar\/\" \/>\n<meta property=\"og:locale\" content=\"ar_AR\" \/>\n<meta property=\"og:type\" content=\"article\" \/>\n<meta property=\"og:title\" content=\"M\u00e9decin \u00e0 domicile 24h\/7 au Maroc\" \/>\n<meta property=\"og:description\" content=\"M\u00e9decin \u00e0 domicile \u00e0 Casablanca disponible 24h\/24. Urgences m\u00e9dicales, consultations et ambulance m\u00e9dicalis\u00e9e avec SOS M\u00e9decins Maroc.\" \/>\n<meta property=\"og:url\" content=\"https:\/\/sosmedmaroc.com\/ar\/\" \/>\n<meta property=\"og:site_name\" content=\"SOS M\u00e9decins 0522474747\" \/>\n<meta property=\"article:modified_time\" content=\"2026-04-25T22:07:18+00:00\" \/>\n<meta name=\"twitter:card\" content=\"summary_large_image\" \/>\n<meta name=\"twitter:label1\" content=\"Est. reading time\" \/>\n\t<meta name=\"twitter:data1\" content=\"7 minutes\" \/>\n<script type=\"application\/ld+json\" class=\"yoast-schema-graph\">{\"@context\":\"https:\\\/\\\/schema.org\",\"@graph\":[{\"@type\":\"WebPage\",\"@id\":\"https:\\\/\\\/sosmedmaroc.com\\\/\",\"url\":\"https:\\\/\\\/sosmedmaroc.com\\\/\",\"name\":\"M\u00e9decin \u00e0 domicile Casablanca | Urgence 24h\\\/7 \u2013 SOS M\u00e9decins\",\"isPartOf\":{\"@id\":\"https:\\\/\\\/sosmedmaroc.com\\\/#website\"},\"datePublished\":\"2016-09-27T08:52:41+00:00\",\"dateModified\":\"2026-04-25T22:07:18+00:00\",\"description\":\"M\u00e9decin \u00e0 domicile \u00e0 Casablanca disponible 24h\\\/24. Urgences m\u00e9dicales, consultations et ambulance m\u00e9dicalis\u00e9e avec SOS M\u00e9decins Maroc.\",\"breadcrumb\":{\"@id\":\"https:\\\/\\\/sosmedmaroc.com\\\/#breadcrumb\"},\"inLanguage\":\"ary\",\"potentialAction\":[{\"@type\":\"ReadAction\",\"target\":[\"https:\\\/\\\/sosmedmaroc.com\\\/\"]}]},{\"@type\":\"BreadcrumbList\",\"@id\":\"https:\\\/\\\/sosmedmaroc.com\\\/#breadcrumb\",\"itemListElement\":[{\"@type\":\"ListItem\",\"position\":1,\"name\":\"Accueil\",\"item\":\"https:\\\/\\\/sosmedmaroc.com\\\/\"},{\"@type\":\"ListItem\",\"position\":2,\"name\":\"M\u00e9decin \u00e0 domicile 24h\\\/7 au Maroc\"}]},{\"@type\":\"WebSite\",\"@id\":\"https:\\\/\\\/sosmedmaroc.com\\\/#website\",\"url\":\"https:\\\/\\\/sosmedmaroc.com\\\/\",\"name\":\"SOS M\u00e9decins 0522474747\",\"description\":\"M\u00e9decin \u00e0 domicile urgences\",\"publisher\":{\"@id\":\"https:\\\/\\\/sosmedmaroc.com\\\/#organization\"},\"potentialAction\":[{\"@type\":\"SearchAction\",\"target\":{\"@type\":\"EntryPoint\",\"urlTemplate\":\"https:\\\/\\\/sosmedmaroc.com\\\/?s={search_term_string}\"},\"query-input\":{\"@type\":\"PropertyValueSpecification\",\"valueRequired\":true,\"valueName\":\"search_term_string\"}}],\"inLanguage\":\"ary\"},{\"@type\":\"Organization\",\"@id\":\"https:\\\/\\\/sosmedmaroc.com\\\/#organization\",\"name\":\"sosaero\",\"url\":\"https:\\\/\\\/sosmedmaroc.com\\\/\",\"logo\":{\"@type\":\"ImageObject\",\"inLanguage\":\"ary\",\"@id\":\"https:\\\/\\\/sosmedmaroc.com\\\/#\\\/schema\\\/logo\\\/image\\\/\",\"url\":\"https:\\\/\\\/sosmedmaroc.com\\\/wp-content\\\/uploads\\\/2020\\\/09\\\/LOGO-SOS-MEDECIN.png\",\"contentUrl\":\"https:\\\/\\\/sosmedmaroc.com\\\/wp-content\\\/uploads\\\/2020\\\/09\\\/LOGO-SOS-MEDECIN.png\",\"width\":3435,\"height\":1157,\"caption\":\"sosaero\"},\"image\":{\"@id\":\"https:\\\/\\\/sosmedmaroc.com\\\/#\\\/schema\\\/logo\\\/image\\\/\"}}]}<\/script>\n<!-- \/ Yoast SEO Premium plugin. -->","yoast_head_json":{"title":"M\u00e9decin \u00e0 domicile Casablanca | Urgence 24h\/7 \u2013 SOS M\u00e9decins","description":"M\u00e9decin \u00e0 domicile \u00e0 Casablanca disponible 24h\/24. Urgences m\u00e9dicales, consultations et ambulance m\u00e9dicalis\u00e9e avec SOS M\u00e9decins Maroc.","robots":{"index":"index","follow":"follow","max-snippet":"max-snippet:-1","max-image-preview":"max-image-preview:large","max-video-preview":"max-video-preview:-1"},"canonical":"https:\/\/sosmedmaroc.com\/ar\/","og_locale":"ar_AR","og_type":"article","og_title":"M\u00e9decin \u00e0 domicile 24h\/7 au Maroc","og_description":"M\u00e9decin \u00e0 domicile \u00e0 Casablanca disponible 24h\/24. Urgences m\u00e9dicales, consultations et ambulance m\u00e9dicalis\u00e9e avec SOS M\u00e9decins Maroc.","og_url":"https:\/\/sosmedmaroc.com\/ar\/","og_site_name":"SOS M\u00e9decins 0522474747","article_modified_time":"2026-04-25T22:07:18+00:00","twitter_card":"summary_large_image","twitter_misc":{"Est. reading time":"7 minutes"},"schema":{"@context":"https:\/\/schema.org","@graph":[{"@type":"WebPage","@id":"https:\/\/sosmedmaroc.com\/","url":"https:\/\/sosmedmaroc.com\/","name":"M\u00e9decin \u00e0 domicile Casablanca | Urgence 24h\/7 \u2013 SOS M\u00e9decins","isPartOf":{"@id":"https:\/\/sosmedmaroc.com\/#website"},"datePublished":"2016-09-27T08:52:41+00:00","dateModified":"2026-04-25T22:07:18+00:00","description":"M\u00e9decin \u00e0 domicile \u00e0 Casablanca disponible 24h\/24. Urgences m\u00e9dicales, consultations et ambulance m\u00e9dicalis\u00e9e avec SOS M\u00e9decins Maroc.","breadcrumb":{"@id":"https:\/\/sosmedmaroc.com\/#breadcrumb"},"inLanguage":"ary","potentialAction":[{"@type":"ReadAction","target":["https:\/\/sosmedmaroc.com\/"]}]},{"@type":"BreadcrumbList","@id":"https:\/\/sosmedmaroc.com\/#breadcrumb","itemListElement":[{"@type":"ListItem","position":1,"name":"Accueil","item":"https:\/\/sosmedmaroc.com\/"},{"@type":"ListItem","position":2,"name":"M\u00e9decin \u00e0 domicile 24h\/7 au Maroc"}]},{"@type":"WebSite","@id":"https:\/\/sosmedmaroc.com\/#website","url":"https:\/\/sosmedmaroc.com\/","name":"SOS M\u00e9decins 0522474747","description":"M\u00e9decin \u00e0 domicile urgences","publisher":{"@id":"https:\/\/sosmedmaroc.com\/#organization"},"potentialAction":[{"@type":"SearchAction","target":{"@type":"EntryPoint","urlTemplate":"https:\/\/sosmedmaroc.com\/?s={search_term_string}"},"query-input":{"@type":"PropertyValueSpecification","valueRequired":true,"valueName":"search_term_string"}}],"inLanguage":"ary"},{"@type":"Organization","@id":"https:\/\/sosmedmaroc.com\/#organization","name":"sosaero","url":"https:\/\/sosmedmaroc.com\/","logo":{"@type":"ImageObject","inLanguage":"ary","@id":"https:\/\/sosmedmaroc.com\/#\/schema\/logo\/image\/","url":"https:\/\/sosmedmaroc.com\/wp-content\/uploads\/2020\/09\/LOGO-SOS-MEDECIN.png","contentUrl":"https:\/\/sosmedmaroc.com\/wp-content\/uploads\/2020\/09\/LOGO-SOS-MEDECIN.png","width":3435,"height":1157,"caption":"sosaero"},"image":{"@id":"https:\/\/sosmedmaroc.com\/#\/schema\/logo\/image\/"}}]}},"_links":{"self":[{"href":"https:\/\/sosmedmaroc.com\/ar\/wp-json\/wp\/v2\/pages\/2552","targetHints":{"allow":["GET"]}}],"collection":[{"href":"https:\/\/sosmedmaroc.com\/ar\/wp-json\/wp\/v2\/pages"}],"about":[{"href":"https:\/\/sosmedmaroc.com\/ar\/wp-json\/wp\/v2\/types\/page"}],"author":[{"embeddable":true,"href":"https:\/\/sosmedmaroc.com\/ar\/wp-json\/wp\/v2\/users\/1"}],"replies":[{"embeddable":true,"href":"https:\/\/sosmedmaroc.com\/ar\/wp-json\/wp\/v2\/comments?post=2552"}],"version-history":[{"count":5,"href":"https:\/\/sosmedmaroc.com\/ar\/wp-json\/wp\/v2\/pages\/2552\/revisions"}],"predecessor-version":[{"id":3964,"href":"https:\/\/sosmedmaroc.com\/ar\/wp-json\/wp\/v2\/pages\/2552\/revisions\/3964"}],"wp:attachment":[{"href":"https:\/\/sosmedmaroc.com\/ar\/wp-json\/wp\/v2\/media?parent=2552"}],"curies":[{"name":"wp","href":"https:\/\/api.w.org\/{rel}","templated":true}]}}