{"id":2788,"date":"2019-12-26T23:33:10","date_gmt":"2019-12-26T22:33:10","guid":{"rendered":"http:\/\/sosmedmaroc.com\/?page_id=2788"},"modified":"2020-01-17T19:46:38","modified_gmt":"2020-01-17T18:46:38","slug":"cholesterol","status":"publish","type":"page","link":"https:\/\/sosmedmaroc.com\/en\/cholesterol\/","title":{"rendered":"cholesterol"},"content":{"rendered":"","protected":false},"excerpt":{"rendered":"","protected":false},"author":1,"featured_media":0,"parent":0,"menu_order":0,"comment_status":"closed","ping_status":"closed","template":"","meta":{"footnotes":""},"class_list":["post-2788","page","type-page","status-publish","hentry"],"yoast_head":"<!-- This site is optimized with the Yoast SEO Premium plugin v27.3 (Yoast SEO v27.3) - https:\/\/yoast.com\/product\/yoast-seo-premium-wordpress\/ -->\n<title>cholesterol | SOS M\u00e9decins 0522474747<\/title>\n<meta name=\"robots\" content=\"index, follow, max-snippet:-1, max-image-preview:large, max-video-preview:-1\" \/>\n<link rel=\"canonical\" href=\"https:\/\/sosmedmaroc.com\/en\/cholesterol\/\" \/>\n<meta property=\"og:locale\" content=\"en_US\" \/>\n<meta property=\"og:type\" content=\"article\" \/>\n<meta property=\"og:title\" content=\"cholesterol\" \/>\n<meta property=\"og:url\" content=\"https:\/\/sosmedmaroc.com\/en\/cholesterol\/\" \/>\n<meta property=\"og:site_name\" content=\"SOS M\u00e9decins 0522474747\" \/>\n<meta property=\"article:modified_time\" content=\"2020-01-17T18:46:38+00:00\" \/>\n<meta name=\"twitter:card\" content=\"summary_large_image\" \/>\n<script type=\"application\/ld+json\" class=\"yoast-schema-graph\">{\"@context\":\"https:\\\/\\\/schema.org\",\"@graph\":[{\"@type\":\"WebPage\",\"@id\":\"https:\\\/\\\/sosmedmaroc.com\\\/cholesterol\\\/\",\"url\":\"https:\\\/\\\/sosmedmaroc.com\\\/cholesterol\\\/\",\"name\":\"cholesterol | SOS M\u00e9decins 0522474747\",\"isPartOf\":{\"@id\":\"https:\\\/\\\/sosmedmaroc.com\\\/#website\"},\"datePublished\":\"2019-12-26T22:33:10+00:00\",\"dateModified\":\"2020-01-17T18:46:38+00:00\",\"breadcrumb\":{\"@id\":\"https:\\\/\\\/sosmedmaroc.com\\\/cholesterol\\\/#breadcrumb\"},\"inLanguage\":\"en-US\",\"potentialAction\":[{\"@type\":\"ReadAction\",\"target\":[\"https:\\\/\\\/sosmedmaroc.com\\\/cholesterol\\\/\"]}]},{\"@type\":\"BreadcrumbList\",\"@id\":\"https:\\\/\\\/sosmedmaroc.com\\\/cholesterol\\\/#breadcrumb\",\"itemListElement\":[{\"@type\":\"ListItem\",\"position\":1,\"name\":\"Accueil\",\"item\":\"https:\\\/\\\/sosmedmaroc.com\\\/\"},{\"@type\":\"ListItem\",\"position\":2,\"name\":\"cholesterol\"}]},{\"@type\":\"WebSite\",\"@id\":\"https:\\\/\\\/sosmedmaroc.com\\\/#website\",\"url\":\"https:\\\/\\\/sosmedmaroc.com\\\/\",\"name\":\"SOS M\u00e9decins 0522474747\",\"description\":\"M\u00e9decin \u00e0 domicile urgences\",\"publisher\":{\"@id\":\"https:\\\/\\\/sosmedmaroc.com\\\/#organization\"},\"potentialAction\":[{\"@type\":\"SearchAction\",\"target\":{\"@type\":\"EntryPoint\",\"urlTemplate\":\"https:\\\/\\\/sosmedmaroc.com\\\/?s={search_term_string}\"},\"query-input\":{\"@type\":\"PropertyValueSpecification\",\"valueRequired\":true,\"valueName\":\"search_term_string\"}}],\"inLanguage\":\"en-US\"},{\"@type\":\"Organization\",\"@id\":\"https:\\\/\\\/sosmedmaroc.com\\\/#organization\",\"name\":\"sosaero\",\"url\":\"https:\\\/\\\/sosmedmaroc.com\\\/\",\"logo\":{\"@type\":\"ImageObject\",\"inLanguage\":\"en-US\",\"@id\":\"https:\\\/\\\/sosmedmaroc.com\\\/#\\\/schema\\\/logo\\\/image\\\/\",\"url\":\"https:\\\/\\\/sosmedmaroc.com\\\/wp-content\\\/uploads\\\/2020\\\/09\\\/LOGO-SOS-MEDECIN.png\",\"contentUrl\":\"https:\\\/\\\/sosmedmaroc.com\\\/wp-content\\\/uploads\\\/2020\\\/09\\\/LOGO-SOS-MEDECIN.png\",\"width\":3435,\"height\":1157,\"caption\":\"sosaero\"},\"image\":{\"@id\":\"https:\\\/\\\/sosmedmaroc.com\\\/#\\\/schema\\\/logo\\\/image\\\/\"}}]}<\/script>\n<!-- \/ Yoast SEO Premium plugin. -->","yoast_head_json":{"title":"cholesterol | SOS M\u00e9decins 0522474747","robots":{"index":"index","follow":"follow","max-snippet":"max-snippet:-1","max-image-preview":"max-image-preview:large","max-video-preview":"max-video-preview:-1"},"canonical":"https:\/\/sosmedmaroc.com\/en\/cholesterol\/","og_locale":"en_US","og_type":"article","og_title":"cholesterol","og_url":"https:\/\/sosmedmaroc.com\/en\/cholesterol\/","og_site_name":"SOS M\u00e9decins 0522474747","article_modified_time":"2020-01-17T18:46:38+00:00","twitter_card":"summary_large_image","schema":{"@context":"https:\/\/schema.org","@graph":[{"@type":"WebPage","@id":"https:\/\/sosmedmaroc.com\/cholesterol\/","url":"https:\/\/sosmedmaroc.com\/cholesterol\/","name":"cholesterol | SOS M\u00e9decins 0522474747","isPartOf":{"@id":"https:\/\/sosmedmaroc.com\/#website"},"datePublished":"2019-12-26T22:33:10+00:00","dateModified":"2020-01-17T18:46:38+00:00","breadcrumb":{"@id":"https:\/\/sosmedmaroc.com\/cholesterol\/#breadcrumb"},"inLanguage":"en-US","potentialAction":[{"@type":"ReadAction","target":["https:\/\/sosmedmaroc.com\/cholesterol\/"]}]},{"@type":"BreadcrumbList","@id":"https:\/\/sosmedmaroc.com\/cholesterol\/#breadcrumb","itemListElement":[{"@type":"ListItem","position":1,"name":"Accueil","item":"https:\/\/sosmedmaroc.com\/"},{"@type":"ListItem","position":2,"name":"cholesterol"}]},{"@type":"WebSite","@id":"https:\/\/sosmedmaroc.com\/#website","url":"https:\/\/sosmedmaroc.com\/","name":"SOS M\u00e9decins 0522474747","description":"M\u00e9decin \u00e0 domicile urgences","publisher":{"@id":"https:\/\/sosmedmaroc.com\/#organization"},"potentialAction":[{"@type":"SearchAction","target":{"@type":"EntryPoint","urlTemplate":"https:\/\/sosmedmaroc.com\/?s={search_term_string}"},"query-input":{"@type":"PropertyValueSpecification","valueRequired":true,"valueName":"search_term_string"}}],"inLanguage":"en-US"},{"@type":"Organization","@id":"https:\/\/sosmedmaroc.com\/#organization","name":"sosaero","url":"https:\/\/sosmedmaroc.com\/","logo":{"@type":"ImageObject","inLanguage":"en-US","@id":"https:\/\/sosmedmaroc.com\/#\/schema\/logo\/image\/","url":"https:\/\/sosmedmaroc.com\/wp-content\/uploads\/2020\/09\/LOGO-SOS-MEDECIN.png","contentUrl":"https:\/\/sosmedmaroc.com\/wp-content\/uploads\/2020\/09\/LOGO-SOS-MEDECIN.png","width":3435,"height":1157,"caption":"sosaero"},"image":{"@id":"https:\/\/sosmedmaroc.com\/#\/schema\/logo\/image\/"}}]}},"_links":{"self":[{"href":"https:\/\/sosmedmaroc.com\/en\/wp-json\/wp\/v2\/pages\/2788","targetHints":{"allow":["GET"]}}],"collection":[{"href":"https:\/\/sosmedmaroc.com\/en\/wp-json\/wp\/v2\/pages"}],"about":[{"href":"https:\/\/sosmedmaroc.com\/en\/wp-json\/wp\/v2\/types\/page"}],"author":[{"embeddable":true,"href":"https:\/\/sosmedmaroc.com\/en\/wp-json\/wp\/v2\/users\/1"}],"replies":[{"embeddable":true,"href":"https:\/\/sosmedmaroc.com\/en\/wp-json\/wp\/v2\/comments?post=2788"}],"version-history":[{"count":2,"href":"https:\/\/sosmedmaroc.com\/en\/wp-json\/wp\/v2\/pages\/2788\/revisions"}],"predecessor-version":[{"id":3047,"href":"https:\/\/sosmedmaroc.com\/en\/wp-json\/wp\/v2\/pages\/2788\/revisions\/3047"}],"wp:attachment":[{"href":"https:\/\/sosmedmaroc.com\/en\/wp-json\/wp\/v2\/media?parent=2788"}],"curies":[{"name":"wp","href":"https:\/\/api.w.org\/{rel}","templated":true}]}}